{"id":143,"date":"2013-05-22T00:09:18","date_gmt":"2013-05-21T23:09:18","guid":{"rendered":"http:\/\/tekniksamariten.se\/?page_id=143"},"modified":"2014-05-09T13:59:40","modified_gmt":"2014-05-09T12:59:40","slug":"liten-teknikskola","status":"publish","type":"page","link":"https:\/\/tekniksamariten.se\/?page_id=143","title":{"rendered":"Kurser &#038; Guider"},"content":{"rendered":"<p>H\u00e4r kommer jag att ta upp \u00e4mnen i olika kategorier. Allt fr\u00e5n vardagsproblem till rena teknikfr\u00e5gor.<\/p>\n<p>Anv\u00e4nd menyn under rubriken Kurser &amp; Guider f\u00f6r att hitta det du s\u00f6ker!<\/p>\n","protected":false},"excerpt":{"rendered":"<p>H\u00e4r kommer jag att ta upp \u00e4mnen i olika kategorier. Allt fr\u00e5n vardagsproblem till rena teknikfr\u00e5gor. Anv\u00e4nd menyn under rubriken Kurser &amp; Guider f\u00f6r att hitta det du s\u00f6ker!<\/p>\n","protected":false},"author":1,"featured_media":0,"parent":0,"menu_order":0,"comment_status":"open","ping_status":"open","template":"","meta":{"footnotes":""},"class_list":["post-143","page","type-page","status-publish","hentry"],"_links":{"self":[{"href":"https:\/\/tekniksamariten.se\/index.php?rest_route=\/wp\/v2\/pages\/143","targetHints":{"allow":["GET"]}}],"collection":[{"href":"https:\/\/tekniksamariten.se\/index.php?rest_route=\/wp\/v2\/pages"}],"about":[{"href":"https:\/\/tekniksamariten.se\/index.php?rest_route=\/wp\/v2\/types\/page"}],"author":[{"embeddable":true,"href":"https:\/\/tekniksamariten.se\/index.php?rest_route=\/wp\/v2\/users\/1"}],"replies":[{"embeddable":true,"href":"https:\/\/tekniksamariten.se\/index.php?rest_route=%2Fwp%2Fv2%2Fcomments&post=143"}],"version-history":[{"count":6,"href":"https:\/\/tekniksamariten.se\/index.php?rest_route=\/wp\/v2\/pages\/143\/revisions"}],"predecessor-version":[{"id":507,"href":"https:\/\/tekniksamariten.se\/index.php?rest_route=\/wp\/v2\/pages\/143\/revisions\/507"}],"wp:attachment":[{"href":"https:\/\/tekniksamariten.se\/index.php?rest_route=%2Fwp%2Fv2%2Fmedia&parent=143"}],"curies":[{"name":"wp","href":"https:\/\/api.w.org\/{rel}","templated":true}]}}