{"id":152,"date":"2013-05-22T00:14:53","date_gmt":"2013-05-21T23:14:53","guid":{"rendered":"http:\/\/tekniksamariten.se\/?page_id=152"},"modified":"2013-05-25T01:16:16","modified_gmt":"2013-05-25T00:16:16","slug":"telefoner","status":"publish","type":"page","link":"https:\/\/tekniksamariten.se\/?page_id=152","title":{"rendered":"Telefoner"},"content":{"rendered":"<p>Dagens mobiltelefoner \u00e4r som sm\u00e5 datorer. Precis som i en dator finns det <strong>operativsystem<\/strong> i mobilerna.<\/p>\n<p>De tre vanligaste \u00e4r Android, iOS och Windows.<\/p>\n<p>&nbsp;<\/p>\n<p><strong>Android<\/strong> utvecklades av Google och har d\u00e4rf\u00f6r b\u00e4st kompatibilitet med Googles tj\u00e4nster. Android har flest anv\u00e4ndare bland de som sj\u00e4lva gillar att programmera, eftersom k\u00e4llkoder \u00e4r \u00f6ppen och mycket kan bytas ut av anv\u00e4ndaren.<\/p>\n<p><strong>iOS<\/strong> som finns i iPhone \u00e4r raka motsatsen. Allt \u00e4r tillr\u00e4ttalagt. Det kan k\u00e4nnas tryggt f\u00f6r m\u00e5nga, men stelt f\u00f6r andra.<\/p>\n<p><strong>Windows<\/strong> \u00e4r det f\u00f6rst\u00e5s Microsoft som ligger bakom. Windows 8 finns nu i b\u00e5de telefoner, surfplattor och datorer. Allt f\u00f6r att det ska k\u00e4nnas igen oavsett vilken plattform (apparat) du anv\u00e4nder.<\/p>\n","protected":false},"excerpt":{"rendered":"<p>Dagens mobiltelefoner \u00e4r som sm\u00e5 datorer. Precis som i en dator finns det operativsystem i mobilerna. De tre vanligaste \u00e4r Android, iOS och Windows. &nbsp; Android utvecklades av Google och har d\u00e4rf\u00f6r b\u00e4st kompatibilitet med Googles tj\u00e4nster. Android har flest anv\u00e4ndare bland de som sj\u00e4lva gillar att programmera, eftersom k\u00e4llkoder \u00e4r \u00f6ppen och mycket kan&hellip; <a class=\"more-link\" href=\"https:\/\/tekniksamariten.se\/?page_id=152\">Forts\u00e4tt l\u00e4sa Telefoner<\/a><\/p>\n","protected":false},"author":1,"featured_media":0,"parent":143,"menu_order":0,"comment_status":"closed","ping_status":"closed","template":"","meta":{"footnotes":""},"class_list":["post-152","page","type-page","status-publish","hentry"],"_links":{"self":[{"href":"https:\/\/tekniksamariten.se\/index.php?rest_route=\/wp\/v2\/pages\/152","targetHints":{"allow":["GET"]}}],"collection":[{"href":"https:\/\/tekniksamariten.se\/index.php?rest_route=\/wp\/v2\/pages"}],"about":[{"href":"https:\/\/tekniksamariten.se\/index.php?rest_route=\/wp\/v2\/types\/page"}],"author":[{"embeddable":true,"href":"https:\/\/tekniksamariten.se\/index.php?rest_route=\/wp\/v2\/users\/1"}],"replies":[{"embeddable":true,"href":"https:\/\/tekniksamariten.se\/index.php?rest_route=%2Fwp%2Fv2%2Fcomments&post=152"}],"version-history":[{"count":5,"href":"https:\/\/tekniksamariten.se\/index.php?rest_route=\/wp\/v2\/pages\/152\/revisions"}],"predecessor-version":[{"id":178,"href":"https:\/\/tekniksamariten.se\/index.php?rest_route=\/wp\/v2\/pages\/152\/revisions\/178"}],"up":[{"embeddable":true,"href":"https:\/\/tekniksamariten.se\/index.php?rest_route=\/wp\/v2\/pages\/143"}],"wp:attachment":[{"href":"https:\/\/tekniksamariten.se\/index.php?rest_route=%2Fwp%2Fv2%2Fmedia&parent=152"}],"curies":[{"name":"wp","href":"https:\/\/api.w.org\/{rel}","templated":true}]}}