{"id":154,"date":"2013-05-22T00:15:14","date_gmt":"2013-05-21T23:15:14","guid":{"rendered":"http:\/\/tekniksamariten.se\/?page_id=154"},"modified":"2016-12-03T01:37:06","modified_gmt":"2016-12-03T00:37:06","slug":"datorer","status":"publish","type":"page","link":"https:\/\/tekniksamariten.se\/?page_id=154","title":{"rendered":"Datorer"},"content":{"rendered":"<p>En dator best\u00e5r av i huvudsak f\u00f6ljande delar:<\/p>\n<p><strong><span style=\"color: #800000;\">Processor<\/span> (CPU)<\/strong>, som g\u00f6r ber\u00e4kningarna av data<\/p>\n<p><strong><span style=\"color: #800000;\">Arbetsminne<\/span> (RAM)<\/strong>. Tillf\u00e4lligt minne medan datorn arbetar. T\u00f6ms n\u00e4r datorn st\u00e4ngs av. Vanlig storlek idag \u00e4r 4-16 GB (gigabyte) av typen DDR3 eller \u00e4nnu nyare DDR4.<\/p>\n<p><strong><span style=\"color: #800000;\">H\u00e5rddisk<\/span>.<\/strong> Permanent lagring av program, bilder, filmer och dokument. Storlek ofta 320 till 3000 GB. Den senare typen av h\u00e5rddisk kallas SSD och \u00e4r mer som ett stort minneskort, utan r\u00f6rliga delar, och mycket snabbare \u00e4n de roterande magnetskivorna vi har haft hittills i v\u00e5ra datorer.<\/p>\n<p><span style=\"color: #800000;\"><strong>N\u00e4tverkskort.<\/strong><\/span> F\u00f6r att kunna skicka och ta emot data till\/fr\u00e5n internet och andra datorer. Finns numera mestadels tr\u00e5dl\u00f6sa. En station\u00e4r dator kan enkelt g\u00f6ras tr\u00e5dl\u00f6s, \u00e4ven om den inte \u00e4r det fr\u00e5n b\u00f6rjan: Du k\u00f6per en n\u00e4tverksadapter och s\u00e4tter i valfri USB-port.<\/p>\n<p><span style=\"color: #800000;\"><strong>Moderkort.<\/strong> <\/span>Det stora kretskortet i en dator, som alla de andra komponenterna sitter fast p\u00e5 eller kopplas till.<\/p>\n<p><span style=\"color: #800000;\"><strong>Grafikkort.<\/strong><\/span> P\u00e5 en del datorer sitter grafikkretsen direkt p\u00e5 moderkortet. P\u00e5 speldatorer f\u00f6r lite mer kr\u00e4vande bildhantering finns s\u00e4rskilda grafikkort. De har egna minneskretsar, som ofta \u00e4r av typen GDDR3 eller GDDR5 med en storlek av 1-3 GB.<\/p>\n<p><span style=\"color: #800000;\"><strong>Optisk l\u00e4sare<\/strong><\/span> f\u00f6r CD, DVD eller Bluray-skivor. Dessa kan ocks\u00e5 br\u00e4nna nya skivor.<\/p>\n<p><span style=\"color: #800000;\"><strong>Minneskortsl\u00e4sare<\/strong><\/span> f\u00f6r bl.a. SD-kort i kameror eller micro-SD i mobiltelefoner.<\/p>\n","protected":false},"excerpt":{"rendered":"<p>En dator best\u00e5r av i huvudsak f\u00f6ljande delar: Processor (CPU), som g\u00f6r ber\u00e4kningarna av data Arbetsminne (RAM). Tillf\u00e4lligt minne medan datorn arbetar. T\u00f6ms n\u00e4r datorn st\u00e4ngs av. Vanlig storlek idag \u00e4r 4-16 GB (gigabyte) av typen DDR3 eller \u00e4nnu nyare DDR4. H\u00e5rddisk. Permanent lagring av program, bilder, filmer och dokument. Storlek ofta 320 till 3000&hellip; <a class=\"more-link\" href=\"https:\/\/tekniksamariten.se\/?page_id=154\">Forts\u00e4tt l\u00e4sa Datorer<\/a><\/p>\n","protected":false},"author":1,"featured_media":0,"parent":143,"menu_order":0,"comment_status":"closed","ping_status":"closed","template":"","meta":{"footnotes":""},"class_list":["post-154","page","type-page","status-publish","hentry"],"_links":{"self":[{"href":"https:\/\/tekniksamariten.se\/index.php?rest_route=\/wp\/v2\/pages\/154","targetHints":{"allow":["GET"]}}],"collection":[{"href":"https:\/\/tekniksamariten.se\/index.php?rest_route=\/wp\/v2\/pages"}],"about":[{"href":"https:\/\/tekniksamariten.se\/index.php?rest_route=\/wp\/v2\/types\/page"}],"author":[{"embeddable":true,"href":"https:\/\/tekniksamariten.se\/index.php?rest_route=\/wp\/v2\/users\/1"}],"replies":[{"embeddable":true,"href":"https:\/\/tekniksamariten.se\/index.php?rest_route=%2Fwp%2Fv2%2Fcomments&post=154"}],"version-history":[{"count":11,"href":"https:\/\/tekniksamariten.se\/index.php?rest_route=\/wp\/v2\/pages\/154\/revisions"}],"predecessor-version":[{"id":698,"href":"https:\/\/tekniksamariten.se\/index.php?rest_route=\/wp\/v2\/pages\/154\/revisions\/698"}],"up":[{"embeddable":true,"href":"https:\/\/tekniksamariten.se\/index.php?rest_route=\/wp\/v2\/pages\/143"}],"wp:attachment":[{"href":"https:\/\/tekniksamariten.se\/index.php?rest_route=%2Fwp%2Fv2%2Fmedia&parent=154"}],"curies":[{"name":"wp","href":"https:\/\/api.w.org\/{rel}","templated":true}]}}