{"id":191,"date":"2013-05-28T22:57:04","date_gmt":"2013-05-28T21:57:04","guid":{"rendered":"http:\/\/tekniksamariten.se\/?page_id=191"},"modified":"2016-10-06T22:55:41","modified_gmt":"2016-10-06T21:55:41","slug":"tjanster-2","status":"publish","type":"page","link":"https:\/\/tekniksamariten.se\/?page_id=191","title":{"rendered":"Tj\u00e4nster"},"content":{"rendered":"<p>&nbsp;<\/p>\n<h3 style=\"text-align: center;\"><strong>Det h\u00e4r \u00e4r ett urval av det jag kan hj\u00e4lpa dig med:<\/strong><\/h3>\n<p>&nbsp;<\/p>\n<ul>\n<li>Datorer och surfplattor (inklusive kringutrustning som skrivare) \u2013 fels\u00f6kning, reparation och vardagsproblem<\/li>\n<li>Att skaffa E-legitimation, hantera internetbank och \u201cMina v\u00e5rdkontakter\u201d<\/li>\n<li>Genomg\u00e5ng av dina abonnemang f\u00f6r TV, bredband och telefon f\u00f6r att hitta b\u00e4sta pris\/prestanda f\u00f6r dig<\/li>\n<li>Installera bredband fr\u00e5n t.ex. Telia, Comhem, Bredbandsbolaget, Tele2, Telenor och Tre (\u00e4ven mobila l\u00f6sningar)<\/li>\n<li>Installera tr\u00e5dl\u00f6sa n\u00e4tverk<\/li>\n<li>S\u00e4kerhet och antivirus<\/li>\n<li>TV och hemmabio<\/li>\n<li>Mobiltelefoner<\/li>\n<li>Hantera fotoutrustning (kamerakurs) och bildredigering<\/li>\n<li>Enklare hemsidor i WordPress, \u00e4ven \u00e5t f\u00f6reningar<\/li>\n<li>Skaffa den utrustning du beh\u00f6ver (ny eller begagnad)<\/li>\n<li>Utbildning i Windows, internet och annan programanv\u00e4ndning<\/li>\n<\/ul>\n<h3 style=\"text-align: left;\"><\/h3>\n<h3 style=\"text-align: center;\">Och varf\u00f6r ska du v\u00e4lja mig?<\/h3>\n<ul>\n<li>Jag ger dig personlig service med ett lika personligt engagemang<\/li>\n<li>Jag har ett livsl\u00e5ngt intresse av elektronik och h\u00e5ller hela tiden kunskaperna aktuella<\/li>\n<li>Det h\u00e4r \u00e4r n\u00e5got jag brinner f\u00f6r &#8211; och det kommer du att m\u00e4rka<\/li>\n<li>Billigare \u00e4n de stora kedjorna<\/li>\n<li>Jag s\u00e4tter dig i fr\u00e4msta rummet, med\u00a020\u00a0\u00e5rs erfarenhet av kundserviceyrken<\/li>\n<li>Inget besv\u00e4r med att \u00e5ka till hj\u00e4lpen. <span style=\"color: #ff0000;\"><strong>Jag kommer till dig<\/strong><\/span> &#8211; p\u00e5 dagar, kv\u00e4llar och helger!<\/li>\n<li>Alltid 100 % sekretess, s\u00e4kerhet och diskretion! Jag hj\u00e4lper dig i f\u00f6rtroliga \u00e4renden som banker och Mina V\u00e5rdkontakter.<\/li>\n<\/ul>\n","protected":false},"excerpt":{"rendered":"<p>&nbsp; Det h\u00e4r \u00e4r ett urval av det jag kan hj\u00e4lpa dig med: &nbsp; Datorer och surfplattor (inklusive kringutrustning som skrivare) \u2013 fels\u00f6kning, reparation och vardagsproblem Att skaffa E-legitimation, hantera internetbank och \u201cMina v\u00e5rdkontakter\u201d Genomg\u00e5ng av dina abonnemang f\u00f6r TV, bredband och telefon f\u00f6r att hitta b\u00e4sta pris\/prestanda f\u00f6r dig Installera bredband fr\u00e5n t.ex. Telia,&hellip; <a class=\"more-link\" href=\"https:\/\/tekniksamariten.se\/?page_id=191\">Forts\u00e4tt l\u00e4sa Tj\u00e4nster<\/a><\/p>\n","protected":false},"author":1,"featured_media":0,"parent":0,"menu_order":0,"comment_status":"closed","ping_status":"closed","template":"","meta":{"footnotes":""},"class_list":["post-191","page","type-page","status-publish","hentry"],"_links":{"self":[{"href":"https:\/\/tekniksamariten.se\/index.php?rest_route=\/wp\/v2\/pages\/191","targetHints":{"allow":["GET"]}}],"collection":[{"href":"https:\/\/tekniksamariten.se\/index.php?rest_route=\/wp\/v2\/pages"}],"about":[{"href":"https:\/\/tekniksamariten.se\/index.php?rest_route=\/wp\/v2\/types\/page"}],"author":[{"embeddable":true,"href":"https:\/\/tekniksamariten.se\/index.php?rest_route=\/wp\/v2\/users\/1"}],"replies":[{"embeddable":true,"href":"https:\/\/tekniksamariten.se\/index.php?rest_route=%2Fwp%2Fv2%2Fcomments&post=191"}],"version-history":[{"count":20,"href":"https:\/\/tekniksamariten.se\/index.php?rest_route=\/wp\/v2\/pages\/191\/revisions"}],"predecessor-version":[{"id":671,"href":"https:\/\/tekniksamariten.se\/index.php?rest_route=\/wp\/v2\/pages\/191\/revisions\/671"}],"wp:attachment":[{"href":"https:\/\/tekniksamariten.se\/index.php?rest_route=%2Fwp%2Fv2%2Fmedia&parent=191"}],"curies":[{"name":"wp","href":"https:\/\/api.w.org\/{rel}","templated":true}]}}