{"id":2,"date":"2011-10-24T06:34:03","date_gmt":"2011-10-24T06:34:03","guid":{"rendered":"http:\/\/tekniksamariten.se\/\/?page_id=2"},"modified":"2025-03-15T17:31:35","modified_gmt":"2025-03-15T16:31:35","slug":"sample-page","status":"publish","type":"page","link":"https:\/\/tekniksamariten.se\/?page_id=2","title":{"rendered":"Om Fredrik"},"content":{"rendered":"<p style=\"text-align: center;\">\u00a0<a href=\"https:\/\/tekniksamariten.se\/wp-content\/uploads\/2011\/10\/fredrik-utflykt.jpg\"><img loading=\"lazy\" decoding=\"async\" class=\"size-medium wp-image-363 aligncenter\" src=\"https:\/\/tekniksamariten.se\/wp-content\/uploads\/2011\/10\/fredrik-utflykt-300x196.jpg\" alt=\"fredrik utflykt\" width=\"300\" height=\"196\" srcset=\"https:\/\/tekniksamariten.se\/wp-content\/uploads\/2011\/10\/fredrik-utflykt-300x196.jpg 300w, https:\/\/tekniksamariten.se\/wp-content\/uploads\/2011\/10\/fredrik-utflykt-620x406.jpg 620w, https:\/\/tekniksamariten.se\/wp-content\/uploads\/2011\/10\/fredrik-utflykt.jpg 960w\" sizes=\"auto, (max-width: 300px) 100vw, 300px\" \/><\/a><\/p>\n<p>Jag \u00e4r en tv\u00e4tt\u00e4kta \u00f6rebroare och ur-n\u00e4rking, f\u00f6dd 1972 i Almby, \u00d6rebro.<\/p>\n<p>Hur kom det sig att jag gick och blev Tekniksamariten? En tanke som grott l\u00e4nge i mitt huvud, eftersom jag alltid fascinerats av teknik och elektronik, samt arbetat med olika former av kundservice och f\u00f6rs\u00e4ljning i snart 2 decennier.<\/p>\n<p>P\u00e5 gymnasiet &#8211; det anrika &#8221;Teknis&#8221; i \u00d6rebro, som numera \u00e4r ett minne blott &#8211; l\u00e4ste jag el\/tele och tillbringade eftermiddagarna p\u00e5 datorklubben Hexagon.<\/p>\n<p>Sedan hamnade jag p\u00e5 v\u00e5rdutbildningen laboratorieassistent (som nu kallas biomedicinsk analytiker).<\/p>\n<p>Efter &#8221;lumpen&#8221; i Kristinehamn och i \u00d6rebro blev det styrketr\u00e4ning, gym och h\u00e4lsokost f\u00f6r hela slanten. Jobbade p\u00e5 gym och p\u00e5 Naturapoteket, h\u00e4lsokostkedja som numera uppg\u00e5tt i Life.<\/p>\n<p>Pluggade vidare p\u00e5 \u00d6rebro Universitet, milj\u00f6analytisk kemi, och fick jobb p\u00e5 SAKAB, d\u00e4r jag blev kvar p\u00e5 marknadsavdelningen som s\u00e4ljare och koordinator i n\u00e4stan 10 \u00e5r.<\/p>\n<p>En kort sv\u00e4ng till ett transport- och milj\u00f6f\u00f6retag i Karlskoga, sedan fick jag nog och ville satsa p\u00e5 att bli egen &#8211; och h\u00e4r st\u00e5r jag idag!<\/p>\n<p>Jag har varit kursledare i tekniska \u00e4mnen p\u00e5 Medborgarskolan och ABF.<\/p>\n<p>Jag har m\u00e5nga fritidsintressen som jag varierar mellan periodvis: Amat\u00f6rteater, s\u00e5ng, foto, styrketr\u00e4ning, lokalhistoria och s\u00e5 alla sorters elektronik. Mycket hejande p\u00e5 \u00d6rebro Hockey under vinterhalv\u00e5ret.<\/p>\n<p>Jag \u00e4r \u00e4ven god man \u00e5t 2 personer.<strong><em>\u00a0<\/em><\/strong><\/p>\n<p>K\u00e4nner du dig fortfarande os\u00e4ker och vill ha referenser, s\u00e5 har jag flera n\u00f6jda stamkunder som kan &#8221;vittna&#8221;.<\/p>\n<p><a title=\"CV\" href=\"https:\/\/tekniksamariten.se\/?page_id=367\" target=\"_blank\" rel=\"noopener\"><strong>L\u00e4s \u00e4ven mitt CV h\u00e4r<\/strong><\/a><\/p>\n","protected":false},"excerpt":{"rendered":"<p>\u00a0 Jag \u00e4r en tv\u00e4tt\u00e4kta \u00f6rebroare och ur-n\u00e4rking, f\u00f6dd 1972 i Almby, \u00d6rebro. Hur kom det sig att jag gick och blev Tekniksamariten? En tanke som grott l\u00e4nge i mitt huvud, eftersom jag alltid fascinerats av teknik och elektronik, samt arbetat med olika former av kundservice och f\u00f6rs\u00e4ljning i snart 2 decennier. P\u00e5 gymnasiet &#8211;&hellip; <a class=\"more-link\" href=\"https:\/\/tekniksamariten.se\/?page_id=2\">Forts\u00e4tt l\u00e4sa Om Fredrik<\/a><\/p>\n","protected":false},"author":1,"featured_media":0,"parent":0,"menu_order":0,"comment_status":"closed","ping_status":"closed","template":"","meta":{"footnotes":""},"class_list":["post-2","page","type-page","status-publish","hentry"],"_links":{"self":[{"href":"https:\/\/tekniksamariten.se\/index.php?rest_route=\/wp\/v2\/pages\/2","targetHints":{"allow":["GET"]}}],"collection":[{"href":"https:\/\/tekniksamariten.se\/index.php?rest_route=\/wp\/v2\/pages"}],"about":[{"href":"https:\/\/tekniksamariten.se\/index.php?rest_route=\/wp\/v2\/types\/page"}],"author":[{"embeddable":true,"href":"https:\/\/tekniksamariten.se\/index.php?rest_route=\/wp\/v2\/users\/1"}],"replies":[{"embeddable":true,"href":"https:\/\/tekniksamariten.se\/index.php?rest_route=%2Fwp%2Fv2%2Fcomments&post=2"}],"version-history":[{"count":24,"href":"https:\/\/tekniksamariten.se\/index.php?rest_route=\/wp\/v2\/pages\/2\/revisions"}],"predecessor-version":[{"id":917,"href":"https:\/\/tekniksamariten.se\/index.php?rest_route=\/wp\/v2\/pages\/2\/revisions\/917"}],"wp:attachment":[{"href":"https:\/\/tekniksamariten.se\/index.php?rest_route=%2Fwp%2Fv2%2Fmedia&parent=2"}],"curies":[{"name":"wp","href":"https:\/\/api.w.org\/{rel}","templated":true}]}}