{"id":219,"date":"2013-06-09T20:09:09","date_gmt":"2013-06-09T19:09:09","guid":{"rendered":"http:\/\/tekniksamariten.se\/?page_id=219"},"modified":"2013-06-09T20:20:38","modified_gmt":"2013-06-09T19:20:38","slug":"surfplattor","status":"publish","type":"page","link":"https:\/\/tekniksamariten.se\/?page_id=219","title":{"rendered":"Surfplattor"},"content":{"rendered":"<p>En surfplatta \u00e4r som dator och sk\u00e4rm i ett. Fr\u00e5n b\u00f6rjan var det bara surfande p\u00e5 internet som de klarade av, men f\u00f6r varje modell blir de alltmer lika de b\u00e4rbara datorerna. En del plattor kan man k\u00f6pa tangentbord till och &#8221;docka&#8221; plattan med. D\u00e5 blir det som en b\u00e4rbar dator. P\u00e5 de lite dyrare modellerna ing\u00e5r det tangentbord och de har \u00e4ven prestanda i klass med vanliga datorer.<\/p>\n<p>De har peksk\u00e4rm och finns i olika storlekar. Vanligaste sk\u00e4rmstorleken \u00e4r 10 tum, men 7, 8 eller 11,6 tum f\u00f6rekommer ocks\u00e5.<\/p>\n<p>Precis som med datorer finns det flera<strong> operativsystem<\/strong>. Android, Windows och iOS \u00e4r de stora.<\/p>\n<p><strong>Android<\/strong> \u00e4r det Google som ligger bakom.<\/p>\n<p><strong>Windows<\/strong> finns i flera varianter: Windows 8, Windows 8 Professional och Windows RT. Den sistn\u00e4mnda kan bara k\u00f6ra appar, allts\u00e5 specialgjorda program. De tv\u00e5 andra Windows 8-baserade kan man anv\u00e4nda sina klassiska Windows-program p\u00e5.<\/p>\n<p><strong>iOS<\/strong> finns bara p\u00e5 iPad och k\u00f6r speciella appar f\u00f6r just iPad och i vissa fall iPhone.<\/p>\n","protected":false},"excerpt":{"rendered":"<p>En surfplatta \u00e4r som dator och sk\u00e4rm i ett. Fr\u00e5n b\u00f6rjan var det bara surfande p\u00e5 internet som de klarade av, men f\u00f6r varje modell blir de alltmer lika de b\u00e4rbara datorerna. En del plattor kan man k\u00f6pa tangentbord till och &#8221;docka&#8221; plattan med. D\u00e5 blir det som en b\u00e4rbar dator. P\u00e5 de lite dyrare&hellip; <a class=\"more-link\" href=\"https:\/\/tekniksamariten.se\/?page_id=219\">Forts\u00e4tt l\u00e4sa Surfplattor<\/a><\/p>\n","protected":false},"author":1,"featured_media":0,"parent":143,"menu_order":0,"comment_status":"closed","ping_status":"closed","template":"","meta":{"footnotes":""},"class_list":["post-219","page","type-page","status-publish","hentry"],"_links":{"self":[{"href":"https:\/\/tekniksamariten.se\/index.php?rest_route=\/wp\/v2\/pages\/219","targetHints":{"allow":["GET"]}}],"collection":[{"href":"https:\/\/tekniksamariten.se\/index.php?rest_route=\/wp\/v2\/pages"}],"about":[{"href":"https:\/\/tekniksamariten.se\/index.php?rest_route=\/wp\/v2\/types\/page"}],"author":[{"embeddable":true,"href":"https:\/\/tekniksamariten.se\/index.php?rest_route=\/wp\/v2\/users\/1"}],"replies":[{"embeddable":true,"href":"https:\/\/tekniksamariten.se\/index.php?rest_route=%2Fwp%2Fv2%2Fcomments&post=219"}],"version-history":[{"count":7,"href":"https:\/\/tekniksamariten.se\/index.php?rest_route=\/wp\/v2\/pages\/219\/revisions"}],"predecessor-version":[{"id":225,"href":"https:\/\/tekniksamariten.se\/index.php?rest_route=\/wp\/v2\/pages\/219\/revisions\/225"}],"up":[{"embeddable":true,"href":"https:\/\/tekniksamariten.se\/index.php?rest_route=\/wp\/v2\/pages\/143"}],"wp:attachment":[{"href":"https:\/\/tekniksamariten.se\/index.php?rest_route=%2Fwp%2Fv2%2Fmedia&parent=219"}],"curies":[{"name":"wp","href":"https:\/\/api.w.org\/{rel}","templated":true}]}}