{"id":250,"date":"2013-07-02T21:37:53","date_gmt":"2013-07-02T20:37:53","guid":{"rendered":"http:\/\/tekniksamariten.se\/?page_id=250"},"modified":"2013-07-02T21:44:34","modified_gmt":"2013-07-02T20:44:34","slug":"harddisk-krasch","status":"publish","type":"page","link":"https:\/\/tekniksamariten.se\/?page_id=250","title":{"rendered":"H\u00e5rddisk-krasch!"},"content":{"rendered":"<p>En h\u00e5rddisk av klassisk modell best\u00e5r av rotande skivor som l\u00e4ses av ett antal l\u00e4shuvuden, lite grann som en vinylskivspelare.<\/p>\n<p>Till slut kan det bli fel p\u00e5 kullager, sj\u00e4lva &#8221;sektorerna&#8221; med information p\u00e5 skivorna eller l\u00e4shuvudena.<\/p>\n<p>&nbsp;<\/p>\n<p>En del kan man f\u00f6rs\u00f6ka att l\u00f6sa genom att plocka ut h\u00e5rddisken ur datorn och koppla ihop den med en annan dators USB-port, med hj\u00e4lp av en adapter.<\/p>\n<p>Om den andra datorn kan l\u00e4sa h\u00e5rddisken ska du f\u00f6rst r\u00e4dda informationen genom att kopiera den. Sedan kan du prova att helt reparera med Windows eget verktyg &#8221;chkdsk&#8221;.<\/p>\n<p>Detta k\u00f6rs genom att skriva &#8221;cmd&#8221; i f\u00e4ltet bakom startknappen i Windows. H\u00f6gerklicka p\u00e5 &#8221;cmd.exe&#8221; och v\u00e4lj &#8221;K\u00f6r som administrat\u00f6r&#8221;. N\u00e4r den svarta kommandorutan kommer upp, skriver du &#8221;chkdsk f: \/r&#8221; f\u00f6rutsatt att din tillkopplade &#8221;trasiga&#8221; h\u00e5rddisk heter &#8221;f:&#8221;.<\/p>\n<p>&nbsp;<\/p>\n<p>Allt detta \u00e4r naturligtvis s\u00e5dant jag kan hj\u00e4lpa till med.<\/p>\n","protected":false},"excerpt":{"rendered":"<p>En h\u00e5rddisk av klassisk modell best\u00e5r av rotande skivor som l\u00e4ses av ett antal l\u00e4shuvuden, lite grann som en vinylskivspelare. Till slut kan det bli fel p\u00e5 kullager, sj\u00e4lva &#8221;sektorerna&#8221; med information p\u00e5 skivorna eller l\u00e4shuvudena. &nbsp; En del kan man f\u00f6rs\u00f6ka att l\u00f6sa genom att plocka ut h\u00e5rddisken ur datorn och koppla ihop den&hellip; <a class=\"more-link\" href=\"https:\/\/tekniksamariten.se\/?page_id=250\">Forts\u00e4tt l\u00e4sa H\u00e5rddisk-krasch!<\/a><\/p>\n","protected":false},"author":1,"featured_media":0,"parent":246,"menu_order":0,"comment_status":"closed","ping_status":"closed","template":"","meta":{"footnotes":""},"class_list":["post-250","page","type-page","status-publish","hentry"],"_links":{"self":[{"href":"https:\/\/tekniksamariten.se\/index.php?rest_route=\/wp\/v2\/pages\/250","targetHints":{"allow":["GET"]}}],"collection":[{"href":"https:\/\/tekniksamariten.se\/index.php?rest_route=\/wp\/v2\/pages"}],"about":[{"href":"https:\/\/tekniksamariten.se\/index.php?rest_route=\/wp\/v2\/types\/page"}],"author":[{"embeddable":true,"href":"https:\/\/tekniksamariten.se\/index.php?rest_route=\/wp\/v2\/users\/1"}],"replies":[{"embeddable":true,"href":"https:\/\/tekniksamariten.se\/index.php?rest_route=%2Fwp%2Fv2%2Fcomments&post=250"}],"version-history":[{"count":5,"href":"https:\/\/tekniksamariten.se\/index.php?rest_route=\/wp\/v2\/pages\/250\/revisions"}],"predecessor-version":[{"id":313,"href":"https:\/\/tekniksamariten.se\/index.php?rest_route=\/wp\/v2\/pages\/250\/revisions\/313"}],"up":[{"embeddable":true,"href":"https:\/\/tekniksamariten.se\/index.php?rest_route=\/wp\/v2\/pages\/246"}],"wp:attachment":[{"href":"https:\/\/tekniksamariten.se\/index.php?rest_route=%2Fwp%2Fv2%2Fmedia&parent=250"}],"curies":[{"name":"wp","href":"https:\/\/api.w.org\/{rel}","templated":true}]}}