{"id":304,"date":"2013-09-21T21:07:10","date_gmt":"2013-09-21T20:07:10","guid":{"rendered":"http:\/\/tekniksamariten.se\/?page_id=304"},"modified":"2025-03-12T23:19:51","modified_gmt":"2025-03-12T22:19:51","slug":"nyttiga-program","status":"publish","type":"page","link":"https:\/\/tekniksamariten.se\/?page_id=304","title":{"rendered":"Nyttiga program"},"content":{"rendered":"\n<p><strong><span style=\"color: #800000;\">VLC mediaspelare<\/span><\/strong> klarar det mesta i film- och musikv\u00e4g.<\/p>\n\n\n\n<p><a href=\"http:\/\/www.videolan.org\/vlc\/\" target=\"_blank\" rel=\"noopener\">Ladda ner VLC h\u00e4r<\/a><\/p>\n\n\n\n<p><strong><span style=\"color: #800000;\">Libre Office<\/span><\/strong> \u00e4r ett alternativ till Microsoft Office, fast gratis!<\/p>\n\n\n\n<p><a href=\"http:\/\/sv.libreoffice.org\/ladda-ner-libreoffice\/\" target=\"_blank\" rel=\"noopener\">Ladda ner Libre Office p\u00e5 svenska H\u00c4R<\/a><\/p>\n","protected":false},"excerpt":{"rendered":"<p>VLC mediaspelare klarar det mesta i film- och musikv\u00e4g. Ladda ner VLC h\u00e4r Libre Office \u00e4r ett alternativ till Microsoft Office, fast gratis! Ladda ner Libre Office p\u00e5 svenska H\u00c4R<\/p>\n","protected":false},"author":1,"featured_media":0,"parent":0,"menu_order":0,"comment_status":"closed","ping_status":"closed","template":"","meta":{"footnotes":""},"class_list":["post-304","page","type-page","status-publish","hentry"],"_links":{"self":[{"href":"https:\/\/tekniksamariten.se\/index.php?rest_route=\/wp\/v2\/pages\/304","targetHints":{"allow":["GET"]}}],"collection":[{"href":"https:\/\/tekniksamariten.se\/index.php?rest_route=\/wp\/v2\/pages"}],"about":[{"href":"https:\/\/tekniksamariten.se\/index.php?rest_route=\/wp\/v2\/types\/page"}],"author":[{"embeddable":true,"href":"https:\/\/tekniksamariten.se\/index.php?rest_route=\/wp\/v2\/users\/1"}],"replies":[{"embeddable":true,"href":"https:\/\/tekniksamariten.se\/index.php?rest_route=%2Fwp%2Fv2%2Fcomments&post=304"}],"version-history":[{"count":11,"href":"https:\/\/tekniksamariten.se\/index.php?rest_route=\/wp\/v2\/pages\/304\/revisions"}],"predecessor-version":[{"id":901,"href":"https:\/\/tekniksamariten.se\/index.php?rest_route=\/wp\/v2\/pages\/304\/revisions\/901"}],"wp:attachment":[{"href":"https:\/\/tekniksamariten.se\/index.php?rest_route=%2Fwp%2Fv2%2Fmedia&parent=304"}],"curies":[{"name":"wp","href":"https:\/\/api.w.org\/{rel}","templated":true}]}}