{"id":42,"date":"2013-02-16T14:03:57","date_gmt":"2013-02-16T13:03:57","guid":{"rendered":"http:\/\/tekniksamariten.se\/?page_id=42"},"modified":"2026-03-25T19:11:08","modified_gmt":"2026-03-25T18:11:08","slug":"prislista","status":"publish","type":"page","link":"https:\/\/tekniksamariten.se\/?page_id=42","title":{"rendered":"Prislista fr\u00e5n 1 januari 2026"},"content":{"rendered":"<p><strong>Hembes\u00f6k inom \u00d6rebro, inklusive 1 timme arbetstid =<span style=\"color: #ff0000;\"> 450<\/span>\u00a0<span style=\"color: #ff0000;\">kronor (med RUT-avdrag) f\u00f6rsta timmen, d\u00e4refter 350 kr\/tim med RUT-avdrag.\u00a0<\/span><\/strong><\/p>\n<p><strong>Kumla, Hallsberg, Glanshammar och Lekeberg:\u00a0 550 kr i startavgift inklusive f\u00f6rsta timmen, sedan 350 kr\/tim (med RUT-avdrag).<\/strong><\/p>\n<p>F\u00f6retag och st\u00f6rre utbildningspaket i grupp g\u00f6rs s\u00e4rskild offert.<\/p>\n<p><em><strong>Samtliga priser \u00e4r inklusive moms!<\/strong><\/em><\/p>\n\n\n<p><\/p>\n","protected":false},"excerpt":{"rendered":"<p>Hembes\u00f6k inom \u00d6rebro, inklusive 1 timme arbetstid = 450\u00a0kronor (med RUT-avdrag) f\u00f6rsta timmen, d\u00e4refter 350 kr\/tim med RUT-avdrag.\u00a0 Kumla, Hallsberg, Glanshammar och Lekeberg:\u00a0 550 kr i startavgift inklusive f\u00f6rsta timmen, sedan 350 kr\/tim (med RUT-avdrag). F\u00f6retag och st\u00f6rre utbildningspaket i grupp g\u00f6rs s\u00e4rskild offert. Samtliga priser \u00e4r inklusive moms!<\/p>\n","protected":false},"author":1,"featured_media":0,"parent":0,"menu_order":0,"comment_status":"closed","ping_status":"closed","template":"","meta":{"footnotes":""},"class_list":["post-42","page","type-page","status-publish","hentry"],"_links":{"self":[{"href":"https:\/\/tekniksamariten.se\/index.php?rest_route=\/wp\/v2\/pages\/42","targetHints":{"allow":["GET"]}}],"collection":[{"href":"https:\/\/tekniksamariten.se\/index.php?rest_route=\/wp\/v2\/pages"}],"about":[{"href":"https:\/\/tekniksamariten.se\/index.php?rest_route=\/wp\/v2\/types\/page"}],"author":[{"embeddable":true,"href":"https:\/\/tekniksamariten.se\/index.php?rest_route=\/wp\/v2\/users\/1"}],"replies":[{"embeddable":true,"href":"https:\/\/tekniksamariten.se\/index.php?rest_route=%2Fwp%2Fv2%2Fcomments&post=42"}],"version-history":[{"count":47,"href":"https:\/\/tekniksamariten.se\/index.php?rest_route=\/wp\/v2\/pages\/42\/revisions"}],"predecessor-version":[{"id":944,"href":"https:\/\/tekniksamariten.se\/index.php?rest_route=\/wp\/v2\/pages\/42\/revisions\/944"}],"wp:attachment":[{"href":"https:\/\/tekniksamariten.se\/index.php?rest_route=%2Fwp%2Fv2%2Fmedia&parent=42"}],"curies":[{"name":"wp","href":"https:\/\/api.w.org\/{rel}","templated":true}]}}