{"id":508,"date":"2014-05-09T14:07:55","date_gmt":"2014-05-09T13:07:55","guid":{"rendered":"http:\/\/tekniksamariten.se\/?page_id=508"},"modified":"2022-02-01T17:52:35","modified_gmt":"2022-02-01T16:52:35","slug":"skaffa-abonnemang","status":"publish","type":"page","link":"https:\/\/tekniksamariten.se\/?page_id=508","title":{"rendered":"Skaffa abonnemang"},"content":{"rendered":"<p>Det \u00e4r en djungel d\u00e4r ute av olika tj\u00e4nster. H\u00e4r tar jag upp n\u00e5gra fallgropar och bra-att-veta i korthet. Ett lite mer omfattande h\u00e4fte hittar du p\u00e5 l\u00e4nken nedan (som PDF):<\/p>\n<p><a href=\"https:\/\/tekniksamariten.se\/wp-content\/uploads\/2014\/05\/Att-v%C3%A4lja-abonnemang-f%C3%B6r-internet-och-telefon.pdf\" target=\"_blank\" rel=\"noopener\">Att v\u00e4lja abonnemang f\u00f6r internet, TV och telefon<\/a><\/p>\n<h3><span style=\"color: #800000;\"><strong>Mobilabonnemang<\/strong><\/span><\/h3>\n<p>Numera sprider sig &#8221;fastprisabonnemangen&#8221; snabbt, men n\u00e5gra bolag erbjuder fortfarande prislistor med \u00f6ppningsavgifter per samtal samt en minutavgift, speciellt de billigaste abonnemangen. Var uppm\u00e4rksam p\u00e5 vad du i dagsl\u00e4get betalar f\u00f6r och ta inga f\u00f6rhastade beslut n\u00e4r du lockas av &#8221;canvasf\u00f6rs\u00e4ljare&#8221; som bara st\u00e5r i ditt k\u00f6pcenter en dag eller tv\u00e5.<\/p>\n<p>Ju \u00e4ldre abonnemang du har, desto st\u00f6rre \u00e4r risken att du betalar f\u00f6r mycket, med tanke p\u00e5 den sjunkande pristrenden p\u00e5 telemarknaden.<\/p>\n<p>I &#8221;fastpris&#8221; brukar minut- och uppkopplingsavgiften vara helt borttagen. Om du ringer f\u00f6r mer \u00e4n 100 kronor per m\u00e5nad \u00e4r det fastpris du ska leta efter. Dessutom ing\u00e5r i regel SMS och MMS. Sj\u00e4lva datam\u00e4ngden (mobilsurf) kan du ofta v\u00e4lja till separat.<\/p>\n<p>Mobilsurf \u00e4r det m\u00e5nga som vill ha i sin &#8221;smart phone&#8221;. Det drar snabbt iv\u00e4g om du inte har k\u00f6pt ett fastprisabonnemang med tillr\u00e4cklig m\u00e4ngd f\u00f6r dina behov. R\u00e4kna med att detta g\u00e5r \u00e5t f\u00f6r olika aktiviteter:<\/p>\n<ul>\n<li>Film ca 1-2 GB data per timme!<\/li>\n<li>Musik ca 100-300 MB per timme (allts\u00e5 0,1-0,3 GB)<\/li>\n<\/ul>\n<p>Grafikt\u00e4ta hemsidor kan dra en del de ocks\u00e5, men det \u00e4r mest film och musik du ska &#8221;oroa&#8221; dig f\u00f6r.<\/p>\n","protected":false},"excerpt":{"rendered":"<p>Det \u00e4r en djungel d\u00e4r ute av olika tj\u00e4nster. H\u00e4r tar jag upp n\u00e5gra fallgropar och bra-att-veta i korthet. Ett lite mer omfattande h\u00e4fte hittar du p\u00e5 l\u00e4nken nedan (som PDF): Att v\u00e4lja abonnemang f\u00f6r internet, TV och telefon Mobilabonnemang Numera sprider sig &#8221;fastprisabonnemangen&#8221; snabbt, men n\u00e5gra bolag erbjuder fortfarande prislistor med \u00f6ppningsavgifter per samtal&hellip; <a class=\"more-link\" href=\"https:\/\/tekniksamariten.se\/?page_id=508\">Forts\u00e4tt l\u00e4sa Skaffa abonnemang<\/a><\/p>\n","protected":false},"author":1,"featured_media":0,"parent":0,"menu_order":0,"comment_status":"open","ping_status":"open","template":"","meta":{"footnotes":""},"class_list":["post-508","page","type-page","status-publish","hentry"],"_links":{"self":[{"href":"https:\/\/tekniksamariten.se\/index.php?rest_route=\/wp\/v2\/pages\/508","targetHints":{"allow":["GET"]}}],"collection":[{"href":"https:\/\/tekniksamariten.se\/index.php?rest_route=\/wp\/v2\/pages"}],"about":[{"href":"https:\/\/tekniksamariten.se\/index.php?rest_route=\/wp\/v2\/types\/page"}],"author":[{"embeddable":true,"href":"https:\/\/tekniksamariten.se\/index.php?rest_route=\/wp\/v2\/users\/1"}],"replies":[{"embeddable":true,"href":"https:\/\/tekniksamariten.se\/index.php?rest_route=%2Fwp%2Fv2%2Fcomments&post=508"}],"version-history":[{"count":9,"href":"https:\/\/tekniksamariten.se\/index.php?rest_route=\/wp\/v2\/pages\/508\/revisions"}],"predecessor-version":[{"id":843,"href":"https:\/\/tekniksamariten.se\/index.php?rest_route=\/wp\/v2\/pages\/508\/revisions\/843"}],"wp:attachment":[{"href":"https:\/\/tekniksamariten.se\/index.php?rest_route=%2Fwp%2Fv2%2Fmedia&parent=508"}],"curies":[{"name":"wp","href":"https:\/\/api.w.org\/{rel}","templated":true}]}}