{"id":623,"date":"2016-01-13T21:52:03","date_gmt":"2016-01-13T20:52:03","guid":{"rendered":"http:\/\/tekniksamariten.se\/?page_id=623"},"modified":"2017-10-22T21:20:56","modified_gmt":"2017-10-22T20:20:56","slug":"teknik-hemma-2","status":"publish","type":"page","link":"https:\/\/tekniksamariten.se\/?page_id=623","title":{"rendered":"Teknik hemma"},"content":{"rendered":"<p><a href=\"https:\/\/tekniksamariten.se\/wp-content\/uploads\/2017\/10\/Teknik-hemma.pdf\" target=\"_blank\" rel=\"noopener\">Ladda ner mitt kursh\u00e4fte genom att klicka p\u00e5 l\u00e4nken du l\u00e4ser just nu \ud83d\ude42<\/a><\/p>\n","protected":false},"excerpt":{"rendered":"<p>Ladda ner mitt kursh\u00e4fte genom att klicka p\u00e5 l\u00e4nken du l\u00e4ser just nu \ud83d\ude42<\/p>\n","protected":false},"author":1,"featured_media":0,"parent":0,"menu_order":0,"comment_status":"closed","ping_status":"closed","template":"","meta":{"footnotes":""},"class_list":["post-623","page","type-page","status-publish","hentry"],"_links":{"self":[{"href":"https:\/\/tekniksamariten.se\/index.php?rest_route=\/wp\/v2\/pages\/623","targetHints":{"allow":["GET"]}}],"collection":[{"href":"https:\/\/tekniksamariten.se\/index.php?rest_route=\/wp\/v2\/pages"}],"about":[{"href":"https:\/\/tekniksamariten.se\/index.php?rest_route=\/wp\/v2\/types\/page"}],"author":[{"embeddable":true,"href":"https:\/\/tekniksamariten.se\/index.php?rest_route=\/wp\/v2\/users\/1"}],"replies":[{"embeddable":true,"href":"https:\/\/tekniksamariten.se\/index.php?rest_route=%2Fwp%2Fv2%2Fcomments&post=623"}],"version-history":[{"count":4,"href":"https:\/\/tekniksamariten.se\/index.php?rest_route=\/wp\/v2\/pages\/623\/revisions"}],"predecessor-version":[{"id":746,"href":"https:\/\/tekniksamariten.se\/index.php?rest_route=\/wp\/v2\/pages\/623\/revisions\/746"}],"wp:attachment":[{"href":"https:\/\/tekniksamariten.se\/index.php?rest_route=%2Fwp%2Fv2%2Fmedia&parent=623"}],"curies":[{"name":"wp","href":"https:\/\/api.w.org\/{rel}","templated":true}]}}